{"id":9,"date":"2023-11-01T16:33:07","date_gmt":"2023-11-01T08:33:07","guid":{"rendered":"\/?page_id=9"},"modified":"2023-11-04T22:57:16","modified_gmt":"2023-11-04T14:57:16","slug":"%e4%ba%a7%e5%93%81%e4%bc%98%e5%8a%bf","status":"publish","type":"page","link":"https:\/\/xin.nxjiasheng.com\/de\/%e4%ba%a7%e5%93%81%e4%bc%98%e5%8a%bf.html","title":{"rendered":"Produktvorteil"},"content":{"rendered":"<p>1\u3001Perfekte Produktstruktur, derzeit die gesamte Branche Produktstruktur ist die perfekte uns.<\/p>\n\n\n\n<p>Die Produkte von Jasen werden in Farben auf \u00d6lbasis, Farben auf Wasserbasis und Farben mit hohem Festk\u00f6rperanteil eingeteilt. Zu den Farben auf \u00d6lbasis geh\u00f6ren Autolacke auf \u00d6lbasis f\u00fcr hohe Temperaturen, Reparaturlacke auf \u00d6lbasis f\u00fcr niedrige Temperaturen und Werbefarben auf \u00d6lbasis; zu den Farben auf Wasserbasis geh\u00f6ren Industriefarben auf Wasserbasis, Kunststofffarben auf Wasserbasis, Autolacke auf Wasserbasis f\u00fcr hohe Temperaturen, Reparaturlacke auf Wasserbasis und Werbefarben auf Wasserbasis; und zu den Farben mit hohem Festk\u00f6rperanteil geh\u00f6ren Industriefarben mit hohem Festk\u00f6rperanteil und Lacke mit hohem Festk\u00f6rperanteil;<\/p>\n\n\n\n<p>Carlson &amp; Co. Produkte in Bezug auf ihre Struktur:<\/p>\n\n\n\n<p>(1) Es gibt ein komplettes Farbmasterbatch-Produktsystem, bisher gibt es fast keine Farbe, die nicht mit dem Jasen 5-Serien-Farbmasterbatch-System eingestellt werden kann, und es ist mit dem derzeit genauesten Farbmischsystem ausgestattet, mit der Formel von fast 5.0005.0005.000, die die Bed\u00fcrfnisse der meisten neuen Automodelle auf dem aktuellen Markt f\u00fcr Farbmischung erf\u00fcllen kann;<\/p>\n\n\n\n<p>2) Es gibt hoch-, mittel- und minderwertige Klarlacke, die von gew\u00f6hnlichen Massenklarlacken bis hin zu hochwertigen Klarlacken reichen, die den Effekt der Originallackierung erzielen k\u00f6nnen und die Bed\u00fcrfnisse aller auf dem Markt befindlichen Fahrzeuge abdecken;<\/p>\n\n\n\n<p>(3) Es gibt genaue oft fertig Farbe, k\u00f6nnen die aktuellen Bed\u00fcrfnisse der meisten der Farbe mischen Shop Kunden, vor allem wei\u00dfe Perle fertig Farbe, ist derzeit die Industrie die genaueste Farbe (Farbe ungenau j\u00e4hrlichen Beschwerdequote ist fast Null), die meisten kompletten Sorten, die beste Wetterbest\u00e4ndigkeit Produkte;<\/p>\n\n\n\n<p>4) Es gibt hochwertige Werbeanstriche, darunter auch Legierungsanstriche mit der derzeit besten Haftung in der Branche, in einer breiten Farbpalette;<\/p>\n\n\n\n<p>2\u3001Stabile Produktqualit\u00e4t<\/p>\n\n\n\n<p>Ob die Farbmischung Formel genau ist, ob die Farbe der fertigen Farbe Charge ist stabil, in der Tat, der Schl\u00fcssel liegt in der Stabilit\u00e4t der Farbe Masterbatch, nachdem die Formel gemacht wird, ist es in Stein gemei\u00dfelt, dann, warum ist es manchmal nicht erlaubt, die Farbe nach der Formel gie\u00dfen, die meisten der Gr\u00fcnde sind aufgrund der Stabilit\u00e4t der Farbe Masterbatch ist nicht hoch, und die fertige Farbe ist die gleiche wie dieser Grund. Um die Produktstabilit\u00e4t zu erhalten, hat das Unternehmen in den letzten Jahren die folgenden Aspekte ber\u00fccksichtigt:<\/p>\n\n\n\n<p>1) Erh\u00f6hen Sie die Investition der automatisierten Produktionslinie, versuchen Sie, Menschen aus der Produktion zu halten, reduzieren Sie die Auswirkungen der menschlichen Faktoren auf die Produktqualit\u00e4t. Wie wir alle wissen, ist die Kapitalinvestition der Automatisierung Produktionslinie besonders gro\u00df, kleine Millionen, gro\u00dfe Dutzende von Millionen, das ist der Grund, warum viele Hersteller nicht bereit sind, zu investieren, aber Jasen Unternehmen, um Kunden mit hochwertigen und stabilen Produkten, in der kontinuierlichen Transformation der Produktionslinie, und st\u00e4ndig verbessern den Grad der Automatisierung der Produktionslinie.<br>(2) W\u00e4hlen Sie Qualit\u00e4t Lieferanten, die Produktion von Beschichtungen, Rohstoffe, was zu einer breiten Palette von Lieferanten ist auch sehr viel, aber w\u00e4hlen Sie eine starke, verantwortungsvolle Lieferanten ist nicht einfach, nach Jahren des Screenings, die meisten der aktuellen Lieferanten des Unternehmens sind multinationale Unternehmen importiert, ist die inl\u00e4ndische auch eine b\u00f6rsennotierte Gesellschaft oder ein gro\u00dfes Unternehmen meist, vor allem die High-Tech-Gehalt von Rohstoffen, muss die St\u00e4rke des starken Unternehmens an das Unternehmen zu liefern. Warum einige Hersteller Produkte werden oft instabil, von Zeit zu Zeit Welle, um es, vor allem, wenn der Preis der Rohstoffe, kann klein sein, mit der St\u00e4rke der Rohstofflieferanten oder \u00e4ndern Sie den Lieferanten und verursacht.<\/p>\n\n\n\n<p>3\u3001Forschungs- und Entwicklungsinvestitionen und st\u00e4ndige Entwicklung neuer Produkte<\/p>\n\n\n\n<p>Jedes Jahr das Unternehmen die F &amp; E-Investitionen entfielen die Umsatzerl\u00f6se des Unternehmens von 6% oder mehr, hat das Unternehmen die nationalen High-Tech-Unternehmen seit vielen Jahren, die Industrie Peer und wie viele sind High-Tech-Unternehmen ist es wegen der Investitionen in Forschung und Entwicklung, im Austausch f\u00fcr unsere nachhaltige Entwicklung.<\/p>","protected":false},"excerpt":{"rendered":"<p>1\u3001\u5b8c\u5584\u7684\u4ea7\u54c1\u7ed3\u6784\uff0c\u76ee\u524d\u6574\u4e2a\u884c\u4e1a\u4ea7\u54c1\u7ed3\u6784\u6700\u5b8c\u5584\u7684\u662f\u6211\u4eec\u3002 \u5609\u76db\u516c\u53f8\u7684\u4ea7\u54c1\u4ece\u5206\u7c7b\u6765\u770b\uff0c\u5305\u62ec\u6cb9\u6027\u6f06\u3001\u6c34\u6027\u6f06\u3001\u9ad8\u56fa\u4f53 [&hellip;]<\/p>","protected":false},"author":1,"featured_media":0,"parent":0,"menu_order":0,"comment_status":"closed","ping_status":"closed","template":"","meta":{"footnotes":""},"class_list":["post-9","page","type-page","status-publish","hentry"],"_links":{"self":[{"href":"https:\/\/xin.nxjiasheng.com\/de\/wp-json\/wp\/v2\/pages\/9","targetHints":{"allow":["GET"]}}],"collection":[{"href":"https:\/\/xin.nxjiasheng.com\/de\/wp-json\/wp\/v2\/pages"}],"about":[{"href":"https:\/\/xin.nxjiasheng.com\/de\/wp-json\/wp\/v2\/types\/page"}],"author":[{"embeddable":true,"href":"https:\/\/xin.nxjiasheng.com\/de\/wp-json\/wp\/v2\/users\/1"}],"replies":[{"embeddable":true,"href":"https:\/\/xin.nxjiasheng.com\/de\/wp-json\/wp\/v2\/comments?post=9"}],"version-history":[{"count":6,"href":"https:\/\/xin.nxjiasheng.com\/de\/wp-json\/wp\/v2\/pages\/9\/revisions"}],"predecessor-version":[{"id":25851,"href":"https:\/\/xin.nxjiasheng.com\/de\/wp-json\/wp\/v2\/pages\/9\/revisions\/25851"}],"wp:attachment":[{"href":"https:\/\/xin.nxjiasheng.com\/de\/wp-json\/wp\/v2\/media?parent=9"}],"curies":[{"name":"wp","href":"https:\/\/api.w.org\/{rel}","templated":true}]}}