{"id":25277,"date":"2023-11-02T11:13:24","date_gmt":"2023-11-02T03:13:24","guid":{"rendered":"\/?page_id=25277"},"modified":"2025-03-03T08:34:49","modified_gmt":"2025-03-03T00:34:49","slug":"aboutus","status":"publish","type":"page","link":"https:\/\/xin.nxjiasheng.com\/fr\/aboutus.html","title":{"rendered":"Profil de l'entreprise"},"content":{"rendered":"<figure class=\"wp-block-image alignfull size-full\"><img loading=\"lazy\" decoding=\"async\" width=\"1000\" height=\"563\" src=\"\/wp-content\/uploads\/2023\/11\/\u516c\u53f8\u5927\u697c_1000.jpg\" alt=\"\" class=\"wp-image-25587\" srcset=\"https:\/\/xin.nxjiasheng.com\/wp-content\/uploads\/2023\/11\/\u516c\u53f8\u5927\u697c_1000.jpg 1000w, https:\/\/xin.nxjiasheng.com\/wp-content\/uploads\/2023\/11\/\u516c\u53f8\u5927\u697c_1000-300x169.jpg 300w, https:\/\/xin.nxjiasheng.com\/wp-content\/uploads\/2023\/11\/\u516c\u53f8\u5927\u697c_1000-768x432.jpg 768w\" sizes=\"auto, (max-width: 1000px) 100vw, 1000px\" \/><\/figure>\n\n\n\n<p class=\"has-text-align-left\">\u5e7f\u4e1c\u5609\u76db\u73af\u4fdd\u9ad8\u65b0\u6750\u6599\u80a1\u4efd\u6709\u9650\u516c\u53f8\u4f4d\u4e8e\u5e7f\u4e1c\u7701\u97f6\u5173\u5e02\u5357\u96c4\u7cbe\u7ec6\u5316\u5de5\u57fa\u5730\uff0c\u6210\u7acb\u4e8e2009\u5e744\u670823\u65e5\u3002\u662f\u4e00\u5bb6\u96c6\u7814\u53d1\u3001\u751f\u4ea7\u3001\u9500\u552e\u548c\u8bbe\u8ba1\u4e3a\u4e00\u4f53\u7684\u73b0\u4ee3\u5316\u667a\u80fd\u5316\u9ad8\u5206\u5b50\u6750\u6599\u4ea7\u54c1(\u5305\u62ec\u91d1\u5c5e\u8868\u9762\u5904\u7406\u6750\u6599\u3001\u6c7d\u8f66\u6d82\u6599\u3001\u5de5\u4e1a\u6d82\u6599\u7b49)\u7684\u751f\u4ea7\u4f01\u4e1a\u3002\u5360\u573050\u4ea9\uff0c\u5171\u8ba133000\u591a\u5e73\u65b9\u7c73\uff0c\u516c\u53f8\u5177\u5907\u5e74\u4ea740000\u5428\u9ad8\u5206\u5b50\u91d1\u5c5e\u8868\u9762\u5904\u7406\u6750\u6599\u548c30000\u5428\u9ad8\u5206\u5b50\u7edd\u7f18\u6750\u6599\u7684\u751f\u4ea7\u80fd\u529b\u3002\u73b0\u6709\u5458\u5de598\u4eba\uff0c\u5176\u4e2d\u6280\u672f\u4eba\u545825\u4eba\u3002<\/p>\n\n\n\n<p class=\"has-text-align-left\">\u5609\u76db\u4ee5\u201c\u7ba1\u7406\u7b2c\u4e00\u3001\u8d28\u91cf\u7b2c\u4e00\u3001\u521b\u65b0\u7b2c\u4e00\u3001\u670d\u52a1\u7b2c\u4e00\u201d\u4e3a\u7ecf\u8425\u5b97\u65e8\u3001\u4ee5\u201c\u611f\u6069\u7684\u5fc3\u3001\u81ea\u6211\u63d0\u5347\u3001\u4ea7\u54c1\u4ef7\u503c\u3001\u521b\u65b0\u53d1\u5c55\u3001\u793e\u4f1a\u8d23\u4efb\u201d\u4e3a\u53d1\u5c55\u7406\u5ff5\u3001\u4ee5\u201c\u8bda\u4fe1\u3001\u52a1\u5b9e\u3001\u4e25\u8c28\u201d\u7684\u4f01\u4e1a\u4f5c\u98ce\u6307\u5bfc\u7ba1\u7406\uff0c\u4e0d\u65ad\u5f15\u8fdb\u4f18\u79c0\u6280\u672f\u4eba\u624d\u548c\u4ee3\u8868\u4e16\u754c\u9886\u5148\u6c34\u5e73\u7684\u79d1\u7814\u3001\u751f\u4ea7\u3001\u68c0\u9a8c\u8bbe\u5907\u53ca\u5148\u8fdb\u7684\u6c61\u6c34\u3001\u5e9f\u6c14\u65e0\u5bb3\u5316\u5904\u7406\u7cfb\u7edf\uff0c\u5efa\u6210\u56fd\u9645\u4e00\u6d41\u7684\u81ea\u52a8\u5316\u6d82\u6599\u751f\u4ea7\u7ebf\u548c\u7814\u53d1\u57f9\u8bad\u4e2d\u5fc3\uff0c\u4e3a\u4ea7\u54c1\u8d28\u91cf\u7a33\u5b9a\u548c\u89c4\u6a21\u5316\u751f\u4ea7\u6784\u5efa\u8d77\u5f3a\u6709\u529b\u7684\u6280\u672f\u4fdd\u969c\u3002\u516c\u53f8\u4ea7\u54c1\u6db5\u76d6\u4e86\u4f4e\u6e29\u6c7d\u8f66\u4fee\u8865\u6f06\u3001\u539f\u5382\u9ad8\u6e29\u6f06\u3001\u73af\u4fdd\u6c34\u6027\u6f06\u3001\u73af\u4fdd\u9ad8\u56fa\u4f53\u4efd\u6f06\u3001\u5de5\u4e1a\u6f06\u7b49\u4e00\u7cfb\u5217\u9ad8\u54c1\u8d28\u9ad8\u65b0\u6280\u672f\u6d82\u6599\u4ea7\u54c1\u3002<\/p>\n\n\n\n<p class=\"has-text-align-left\">\u516c\u53f8\u4e25\u683c\u6309\u7167GB\/T9001:2016\/IS09001:2015\u56fd\u9645\u8d28\u91cf\u7ba1\u7406\u4f53\u7cfb\u3001IATF16949:2016\u6c7d\u8f66\u884c\u4e1a\u8d28\u91cf\u7ba1\u7406\u4f53\u7cfb\u7ec4\u7ec7\u751f\u4ea7\u7ba1\u7406\u3002\u7cbe\u9009\u7f8e\u56fd\u3001\u5fb7\u56fd\u3001\u82f1\u56fd\u3001\u745e\u58eb\u7b49\u591a\u5bb6\u8457\u540d\u8de8\u56fd\u96c6\u56e2\u516c\u53f8\u7684\u4f18\u8d28\u539f\u6750\u6599\uff0c\u4ece\u539f\u6750\u6599\u68c0\u9a8c\uff0c\u751f\u4ea7\u6d41\u7a0b\uff0c\u534a\u6210\u54c1\u68c0\u9a8c\uff0c\u4ea7\u6210\u54c1\u68c0\u9a8c\u7559\u6837\u5907\u6848\u7b49\u5404\u4e2a\u73af\u8282\uff0c\u5bf9\u751f\u4ea7\u5168\u8fc7\u7a0b\u8fdb\u884c\u8d28\u91cf\u628a\u63a7\u3001\u73af\u73af\u76f8\u6263\u3001\u6301\u7eed\u6539\u8fdb\u3001\u7cbe\u76ca\u6c42\u7cbe\uff0c\u529b\u6c42\u7ec6\u8282\u5b8c\u7f8e\uff0c\u6ee1\u8db3\u5ba2\u6237\u671f\u671b\u548c\u8981\u6c42,\u4ea7\u54c1\u8d28\u91cf\u8fbe\u5230\u8fdb\u53e3\u540d\u724c\u4ea7\u54c1\u6c34\u5e73\u3002<\/p>\n\n\n\n<p>Jiasheng pr\u00f4ne l'innovation d'abord, le service d'int\u00e9grit\u00e9, s'engage \u00e0 devenir une entreprise responsable pour les clients et la soci\u00e9t\u00e9. 2014, la soci\u00e9t\u00e9 a \u00e9t\u00e9 nomm\u00e9e contribuable mod\u00e8le de la ville de shao ; \u00e0 la fin de 2015, la soci\u00e9t\u00e9 a \u00e9t\u00e9 nomm\u00e9e entreprises provinciales de production plus propre ; \u00e0 la fin de 2016, la soci\u00e9t\u00e9 a \u00e9t\u00e9 nomm\u00e9e entreprises nationales de haute technologie ; novembre 2017, la soci\u00e9t\u00e9 a produit des produits de vernis, de peinture en poudre d'argent, de peinture perl\u00e9e, de couche de finition \u00e0 un composant \/ deux composants, d'appr\u00eat \u00e9poxy ont pass\u00e9 la certification de produit de haute technologie. 2018, le d\u00e9partement technologique de la soci\u00e9t\u00e9 a re\u00e7u les cinq premiers prix du travail dans la province de guangdong, en 2018 a remport\u00e9 le concours d'innovation et d'entrepreneuriat au niveau provincial, la m\u00eame ann\u00e9e et a \u00e9t\u00e9 identifi\u00e9e comme la technologie d'ing\u00e9nierie de rev\u00eatement automobile \u00e0 base d'eau de la province de guangdong. En 2018, le d\u00e9partement technologique de l'entreprise a re\u00e7u le certificat de travail du 1er mai de la province du Guangdong, et en 2018, l'entreprise a remport\u00e9 le deuxi\u00e8me prix du concours d'innovation et d'entrepreneuriat au niveau provincial, et la m\u00eame ann\u00e9e, l'entreprise a \u00e9galement \u00e9t\u00e9 identifi\u00e9e comme le centre de recherche sur l'ing\u00e9nierie et la technologie des rev\u00eatements automobiles \u00e0 base d'eau du Guangdong et le m\u00e9nage contribuable de classe A.Fin 2019, l'entreprise a \u00e9t\u00e9 r\u00e9accr\u00e9dit\u00e9e en tant qu'entreprise nationale de haute et nouvelle technologie.En juillet 2021, l'entreprise a \u00e9t\u00e9 r\u00e9compens\u00e9e par le minist\u00e8re de l'Industrie en tant que sp\u00e9cialit\u00e9 nationale et sp\u00e9cialit\u00e9 nouvelle \"petits g\u00e9ants\" par le minist\u00e8re de l'Industrie et de la Technologie de l'information. En 2020, la soci\u00e9t\u00e9 a \u00e9t\u00e9 reconnue comme une sp\u00e9cialit\u00e9 de niveau provincial, une sp\u00e9cialit\u00e9 et une nouvelle entreprise, et a obtenu pr\u00e8s de 20 brevets d'invention au cours des trois derni\u00e8res ann\u00e9es.En 2020, la soci\u00e9t\u00e9 a particip\u00e9 \u00e0 la formulation de la norme industrielle du diluant \u00e0 peinture, et en 2020, la soci\u00e9t\u00e9 a pass\u00e9 le syst\u00e8me international de gestion de la qualit\u00e9 IS09001, le syst\u00e8me de gestion de l'environnement ISO14001 et le syst\u00e8me de sant\u00e9 et de s\u00e9curit\u00e9 au travail OHSAS45001, et a re\u00e7u le titre d'entreprise nationale de haute technologie, Syst\u00e8me de gestion de la sant\u00e9 et de la s\u00e9curit\u00e9 au travail OHSAS45001, cote de cr\u00e9dit AAA, syst\u00e8me de gestion de l'int\u00e9grit\u00e9, syst\u00e8me d'\u00e9valuation de la qualit\u00e9 des services, syst\u00e8me d'\u00e9valuation de la capacit\u00e9 de performance, syst\u00e8me d'\u00e9valuation de la force globale des fournisseurs et autres 10 syst\u00e8mes.<\/p>\n\n\n\n<ul class=\"wp-block-list\">\n<li>S\u00e9curit\u00e9 Licence de production<br><img loading=\"lazy\" decoding=\"async\" class=\"wp-image-26284\" width=\"327\" height=\"250\" src=\"\/wp-content\/uploads\/2025\/02\/20171211_2153342.jpg\" alt=\"\" srcset=\"https:\/\/xin.nxjiasheng.com\/wp-content\/uploads\/2025\/02\/20171211_2153342.jpg 727w, https:\/\/xin.nxjiasheng.com\/wp-content\/uploads\/2025\/02\/20171211_2153342-300x230.jpg 300w, https:\/\/xin.nxjiasheng.com\/wp-content\/uploads\/2025\/02\/20171211_2153342-16x12.jpg 16w\" sizes=\"auto, (max-width: 327px) 100vw, 327px\" \/><\/li>\n\n\n\n<li>Permis de rejet de polluants de Guangdong<\/li>\n\n\n\n<li><img loading=\"lazy\" decoding=\"async\" width=\"330\" height=\"235\" class=\"wp-image-26165\" style=\"width: 330px;\" src=\"\/wp-content\/uploads\/2024\/06\/\u6392\u6c61\u8bb8\u53ef\u8bc1-464W.jpg\" alt=\"\" srcset=\"https:\/\/xin.nxjiasheng.com\/wp-content\/uploads\/2024\/06\/\u6392\u6c61\u8bb8\u53ef\u8bc1-464W.jpg 464w, https:\/\/xin.nxjiasheng.com\/wp-content\/uploads\/2024\/06\/\u6392\u6c61\u8bb8\u53ef\u8bc1-464W-300x213.jpg 300w, https:\/\/xin.nxjiasheng.com\/wp-content\/uploads\/2024\/06\/\u6392\u6c61\u8bb8\u53ef\u8bc1-464W-18x12.jpg 18w\" sizes=\"auto, (max-width: 330px) 100vw, 330px\" \/><\/li>\n<\/ul>\n\n\n\n<p>Concept de valeur fondamentale de la marque : \"S\u00e9curit\u00e9, protection de l'environnement, haute qualit\u00e9, innovation\".<br>Vision de l'entreprise : \u00eatre la meilleure peinture automobile de Chine ! \u00catre la meilleure entreprise de toute la Chine ! \u00catre la meilleure marque au monde !<br>Mission de l'entreprise : aider chaque employ\u00e9 de Jiasheng \u00e0 se d\u00e9velopper, aider chaque client de Jiasheng \u00e0 se d\u00e9velopper et s'efforcer d'assurer le d\u00e9veloppement harmonieux de l'humanit\u00e9.<\/p>\n\n\n\n<div class=\"wp-block-columns is-layout-flex wp-container-core-columns-is-layout-9d6595d7 wp-block-columns-is-layout-flex\"><\/div>\n\n\n\n<div class=\"wp-block-columns is-layout-flex wp-container-core-columns-is-layout-9d6595d7 wp-block-columns-is-layout-flex\">\n<div class=\"wp-block-column is-layout-flow wp-block-column-is-layout-flow\">\n<figure class=\"wp-block-gallery has-nested-images columns-default is-cropped wp-block-gallery-1 is-layout-flex wp-block-gallery-is-layout-flex\">\n<figure class=\"wp-block-image size-large\"><img loading=\"lazy\" decoding=\"async\" width=\"300\" height=\"210\" data-id=\"26286\" src=\"https:\/\/xin.nxjiasheng.com\/wp-content\/uploads\/2025\/02\/\u5609\u76db\u54c1\u724c1-300x210-1.png\" alt=\"\" class=\"wp-image-26286\" srcset=\"https:\/\/xin.nxjiasheng.com\/wp-content\/uploads\/2025\/02\/\u5609\u76db\u54c1\u724c1-300x210-1.png 300w, https:\/\/xin.nxjiasheng.com\/wp-content\/uploads\/2025\/02\/\u5609\u76db\u54c1\u724c1-300x210-1-18x12.png 18w\" sizes=\"auto, (max-width: 300px) 100vw, 300px\" \/><\/figure>\n<\/figure>\n<\/div>\n\n\n\n<div class=\"wp-block-column is-layout-flow wp-block-column-is-layout-flow\">\n<figure class=\"wp-block-image size-full is-resized\"><img loading=\"lazy\" decoding=\"async\" width=\"263\" height=\"165\" src=\"https:\/\/xin.nxjiasheng.com\/wp-content\/uploads\/2025\/02\/\u5609\u76db\u54c1\u724c2.png\" alt=\"\" class=\"wp-image-26287\" style=\"aspect-ratio:1.593939393939394;width:336px;height:auto\" srcset=\"https:\/\/xin.nxjiasheng.com\/wp-content\/uploads\/2025\/02\/\u5609\u76db\u54c1\u724c2.png 263w, https:\/\/xin.nxjiasheng.com\/wp-content\/uploads\/2025\/02\/\u5609\u76db\u54c1\u724c2-18x12.png 18w\" sizes=\"auto, (max-width: 263px) 100vw, 263px\" \/><\/figure>\n<\/div>\n<\/div>\n\n\n\n<div class=\"wp-block-columns is-layout-flex wp-container-core-columns-is-layout-9d6595d7 wp-block-columns-is-layout-flex\">\n<div class=\"wp-block-column is-layout-flow wp-block-column-is-layout-flow\">\n<figure class=\"wp-block-image size-full is-resized\"><img loading=\"lazy\" decoding=\"async\" width=\"300\" height=\"140\" src=\"https:\/\/xin.nxjiasheng.com\/wp-content\/uploads\/2025\/02\/\u5609\u76db\u54c1\u724c3-300x140-1.png\" alt=\"\" class=\"wp-image-26288\" style=\"aspect-ratio:2.142857142857143;width:204px;height:auto\" srcset=\"https:\/\/xin.nxjiasheng.com\/wp-content\/uploads\/2025\/02\/\u5609\u76db\u54c1\u724c3-300x140-1.png 300w, https:\/\/xin.nxjiasheng.com\/wp-content\/uploads\/2025\/02\/\u5609\u76db\u54c1\u724c3-300x140-1-18x8.png 18w\" sizes=\"auto, (max-width: 300px) 100vw, 300px\" \/><\/figure>\n<\/div>\n\n\n\n<div class=\"wp-block-column is-layout-flow wp-block-column-is-layout-flow\">\n<figure class=\"wp-block-image size-full is-resized\"><img loading=\"lazy\" decoding=\"async\" width=\"300\" height=\"88\" src=\"https:\/\/xin.nxjiasheng.com\/wp-content\/uploads\/2025\/02\/\u5609\u76db\u54c1\u724c4-300x88-1.png\" alt=\"\" class=\"wp-image-26289\" style=\"aspect-ratio:3.409090909090909;width:327px;height:auto\" srcset=\"https:\/\/xin.nxjiasheng.com\/wp-content\/uploads\/2025\/02\/\u5609\u76db\u54c1\u724c4-300x88-1.png 300w, https:\/\/xin.nxjiasheng.com\/wp-content\/uploads\/2025\/02\/\u5609\u76db\u54c1\u724c4-300x88-1-18x5.png 18w\" sizes=\"auto, (max-width: 300px) 100vw, 300px\" \/><\/figure>\n<\/div>\n<\/div>\n\n\n\n<p><\/p>","protected":false},"excerpt":{"rendered":"<p>\u5e7f\u4e1c\u5609\u76db\u73af\u4fdd\u9ad8\u65b0\u6750\u6599\u80a1\u4efd\u6709\u9650\u516c\u53f8\u4f4d\u4e8e\u5e7f\u4e1c\u7701\u97f6\u5173\u5e02\u5357\u96c4\u7cbe\u7ec6\u5316\u5de5\u57fa\u5730\uff0c\u6210\u7acb\u4e8e2009\u5e744\u670823\u65e5\u3002\u662f\u4e00\u5bb6\u96c6\u7814\u53d1\u3001\u751f [&hellip;]<\/p>","protected":false},"author":1,"featured_media":0,"parent":0,"menu_order":0,"comment_status":"closed","ping_status":"closed","template":"","meta":{"footnotes":""},"class_list":["post-25277","page","type-page","status-publish","hentry"],"_links":{"self":[{"href":"https:\/\/xin.nxjiasheng.com\/fr\/wp-json\/wp\/v2\/pages\/25277","targetHints":{"allow":["GET"]}}],"collection":[{"href":"https:\/\/xin.nxjiasheng.com\/fr\/wp-json\/wp\/v2\/pages"}],"about":[{"href":"https:\/\/xin.nxjiasheng.com\/fr\/wp-json\/wp\/v2\/types\/page"}],"author":[{"embeddable":true,"href":"https:\/\/xin.nxjiasheng.com\/fr\/wp-json\/wp\/v2\/users\/1"}],"replies":[{"embeddable":true,"href":"https:\/\/xin.nxjiasheng.com\/fr\/wp-json\/wp\/v2\/comments?post=25277"}],"version-history":[{"count":10,"href":"https:\/\/xin.nxjiasheng.com\/fr\/wp-json\/wp\/v2\/pages\/25277\/revisions"}],"predecessor-version":[{"id":26309,"href":"https:\/\/xin.nxjiasheng.com\/fr\/wp-json\/wp\/v2\/pages\/25277\/revisions\/26309"}],"wp:attachment":[{"href":"https:\/\/xin.nxjiasheng.com\/fr\/wp-json\/wp\/v2\/media?parent=25277"}],"curies":[{"name":"wp","href":"https:\/\/api.w.org\/{rel}","templated":true}]}}