{"id":25704,"date":"2023-11-04T20:45:56","date_gmt":"2023-11-04T12:45:56","guid":{"rendered":"\/?page_id=25704"},"modified":"2023-11-04T21:46:32","modified_gmt":"2023-11-04T13:46:32","slug":"%e6%88%90%e5%93%81%e6%bc%86%e6%b7%b1%e7%81%b0","status":"publish","type":"page","link":"https:\/\/xin.nxjiasheng.com\/vi\/%e6%88%90%e5%93%81%e6%bc%86%e6%b7%b1%e7%81%b0.html","title":{"rendered":"S\u01a1n ho\u00e0n thi\u1ec7n m\u00e0u x\u00e1m \u0111\u1eadm"},"content":{"rendered":"<figure class=\"wp-block-image size-full\"><img loading=\"lazy\" decoding=\"async\" width=\"240\" height=\"305\" src=\"\/wp-content\/uploads\/2023\/11\/\u6210\u54c1\u6f06\u6df1\u7070\u68c0\u9a8c\u62a5\u544a1.png\" alt=\"\" class=\"wp-image-25705\" srcset=\"https:\/\/xin.nxjiasheng.com\/wp-content\/uploads\/2023\/11\/\u6210\u54c1\u6f06\u6df1\u7070\u68c0\u9a8c\u62a5\u544a1.png 240w, https:\/\/xin.nxjiasheng.com\/wp-content\/uploads\/2023\/11\/\u6210\u54c1\u6f06\u6df1\u7070\u68c0\u9a8c\u62a5\u544a1-236x300.png 236w\" sizes=\"auto, (max-width: 240px) 100vw, 240px\" \/><\/figure>\n\n\n\n<figure class=\"wp-block-image size-full\"><img loading=\"lazy\" decoding=\"async\" width=\"240\" height=\"304\" src=\"\/wp-content\/uploads\/2023\/11\/\u6210\u54c1\u6f06\u6df1\u7070\u68c0\u9a8c\u62a5\u544a2-1.png\" alt=\"\" class=\"wp-image-25770\" srcset=\"https:\/\/xin.nxjiasheng.com\/wp-content\/uploads\/2023\/11\/\u6210\u54c1\u6f06\u6df1\u7070\u68c0\u9a8c\u62a5\u544a2-1.png 240w, https:\/\/xin.nxjiasheng.com\/wp-content\/uploads\/2023\/11\/\u6210\u54c1\u6f06\u6df1\u7070\u68c0\u9a8c\u62a5\u544a2-1-237x300.png 237w\" sizes=\"auto, (max-width: 240px) 100vw, 240px\" \/><\/figure>\n\n\n\n<figure class=\"wp-block-image size-full\"><img loading=\"lazy\" decoding=\"async\" width=\"231\" height=\"306\" src=\"\/wp-content\/uploads\/2023\/11\/\u6210\u54c1\u6f06\u6df1\u7070\u68c0\u9a8c\u62a5\u544a3.png\" alt=\"\" class=\"wp-image-25707\" srcset=\"https:\/\/xin.nxjiasheng.com\/wp-content\/uploads\/2023\/11\/\u6210\u54c1\u6f06\u6df1\u7070\u68c0\u9a8c\u62a5\u544a3.png 231w, https:\/\/xin.nxjiasheng.com\/wp-content\/uploads\/2023\/11\/\u6210\u54c1\u6f06\u6df1\u7070\u68c0\u9a8c\u62a5\u544a3-226x300.png 226w\" sizes=\"auto, (max-width: 231px) 100vw, 231px\" \/><\/figure>\n\n\n\n<figure class=\"wp-block-image size-full\"><img loading=\"lazy\" decoding=\"async\" width=\"234\" height=\"305\" src=\"\/wp-content\/uploads\/2023\/11\/\u6210\u54c1\u6f06\u6df1\u7070\u68c0\u9a8c\u62a5\u544a4.png\" alt=\"\" class=\"wp-image-25708\" srcset=\"https:\/\/xin.nxjiasheng.com\/wp-content\/uploads\/2023\/11\/\u6210\u54c1\u6f06\u6df1\u7070\u68c0\u9a8c\u62a5\u544a4.png 234w, https:\/\/xin.nxjiasheng.com\/wp-content\/uploads\/2023\/11\/\u6210\u54c1\u6f06\u6df1\u7070\u68c0\u9a8c\u62a5\u544a4-230x300.png 230w\" sizes=\"auto, (max-width: 234px) 100vw, 234px\" \/><\/figure>","protected":false},"excerpt":{"rendered":"","protected":false},"author":1,"featured_media":0,"parent":0,"menu_order":0,"comment_status":"closed","ping_status":"closed","template":"","meta":{"footnotes":""},"class_list":["post-25704","page","type-page","status-publish","hentry"],"_links":{"self":[{"href":"https:\/\/xin.nxjiasheng.com\/vi\/wp-json\/wp\/v2\/pages\/25704","targetHints":{"allow":["GET"]}}],"collection":[{"href":"https:\/\/xin.nxjiasheng.com\/vi\/wp-json\/wp\/v2\/pages"}],"about":[{"href":"https:\/\/xin.nxjiasheng.com\/vi\/wp-json\/wp\/v2\/types\/page"}],"author":[{"embeddable":true,"href":"https:\/\/xin.nxjiasheng.com\/vi\/wp-json\/wp\/v2\/users\/1"}],"replies":[{"embeddable":true,"href":"https:\/\/xin.nxjiasheng.com\/vi\/wp-json\/wp\/v2\/comments?post=25704"}],"version-history":[{"count":2,"href":"https:\/\/xin.nxjiasheng.com\/vi\/wp-json\/wp\/v2\/pages\/25704\/revisions"}],"predecessor-version":[{"id":25771,"href":"https:\/\/xin.nxjiasheng.com\/vi\/wp-json\/wp\/v2\/pages\/25704\/revisions\/25771"}],"wp:attachment":[{"href":"https:\/\/xin.nxjiasheng.com\/vi\/wp-json\/wp\/v2\/media?parent=25704"}],"curies":[{"name":"wp","href":"https:\/\/api.w.org\/{rel}","templated":true}]}}