{"id":25875,"date":"2023-11-04T23:14:11","date_gmt":"2023-11-04T15:14:11","guid":{"rendered":"\/?page_id=25875"},"modified":"2023-11-04T23:14:11","modified_gmt":"2023-11-04T15:14:11","slug":"%e6%b1%bd%e8%bd%a6%e7%94%a8%e5%a1%91%e8%83%b6%e6%bc%86-%e6%b0%b4%e6%80%a7%e5%8f%8c%e7%bb%84%e5%88%86%e4%ba%ae%e9%bb%91%e6%bc%86","status":"publish","type":"page","link":"https:\/\/xin.nxjiasheng.com\/vi\/%e6%b1%bd%e8%bd%a6%e7%94%a8%e5%a1%91%e8%83%b6%e6%bc%86-%e6%b0%b4%e6%80%a7%e5%8f%8c%e7%bb%84%e5%88%86%e4%ba%ae%e9%bb%91%e6%bc%86.html","title":{"rendered":"S\u01a1n nh\u1ef1a cho \u00f4 t\u00f4 - s\u01a1n \u0111en s\u00e1ng hai th\u00e0nh ph\u1ea7n g\u1ed1c n\u01b0\u1edbc"},"content":{"rendered":"<figure class=\"wp-block-image size-full\"><img loading=\"lazy\" decoding=\"async\" width=\"548\" height=\"598\" src=\"\/wp-content\/uploads\/2023\/11\/\u6c7d\u8f66\u7528\u5851\u80f6\u6f06-\u6c34\u6027\u53cc\u7ec4\u5206\u4eae\u9ed1\u6f06.png\" alt=\"\" class=\"wp-image-25876\" srcset=\"https:\/\/xin.nxjiasheng.com\/wp-content\/uploads\/2023\/11\/\u6c7d\u8f66\u7528\u5851\u80f6\u6f06-\u6c34\u6027\u53cc\u7ec4\u5206\u4eae\u9ed1\u6f06.png 548w, https:\/\/xin.nxjiasheng.com\/wp-content\/uploads\/2023\/11\/\u6c7d\u8f66\u7528\u5851\u80f6\u6f06-\u6c34\u6027\u53cc\u7ec4\u5206\u4eae\u9ed1\u6f06-275x300.png 275w\" sizes=\"auto, (max-width: 548px) 100vw, 548px\" \/><\/figure>","protected":false},"excerpt":{"rendered":"","protected":false},"author":1,"featured_media":0,"parent":0,"menu_order":0,"comment_status":"closed","ping_status":"closed","template":"","meta":{"footnotes":""},"class_list":["post-25875","page","type-page","status-publish","hentry"],"_links":{"self":[{"href":"https:\/\/xin.nxjiasheng.com\/vi\/wp-json\/wp\/v2\/pages\/25875","targetHints":{"allow":["GET"]}}],"collection":[{"href":"https:\/\/xin.nxjiasheng.com\/vi\/wp-json\/wp\/v2\/pages"}],"about":[{"href":"https:\/\/xin.nxjiasheng.com\/vi\/wp-json\/wp\/v2\/types\/page"}],"author":[{"embeddable":true,"href":"https:\/\/xin.nxjiasheng.com\/vi\/wp-json\/wp\/v2\/users\/1"}],"replies":[{"embeddable":true,"href":"https:\/\/xin.nxjiasheng.com\/vi\/wp-json\/wp\/v2\/comments?post=25875"}],"version-history":[{"count":1,"href":"https:\/\/xin.nxjiasheng.com\/vi\/wp-json\/wp\/v2\/pages\/25875\/revisions"}],"predecessor-version":[{"id":25877,"href":"https:\/\/xin.nxjiasheng.com\/vi\/wp-json\/wp\/v2\/pages\/25875\/revisions\/25877"}],"wp:attachment":[{"href":"https:\/\/xin.nxjiasheng.com\/vi\/wp-json\/wp\/v2\/media?parent=25875"}],"curies":[{"name":"wp","href":"https:\/\/api.w.org\/{rel}","templated":true}]}}