{"id":26077,"date":"2023-11-05T01:28:56","date_gmt":"2023-11-04T17:28:56","guid":{"rendered":"\/?page_id=26077"},"modified":"2023-11-05T01:28:56","modified_gmt":"2023-11-04T17:28:56","slug":"%e6%b1%bd%e8%bd%a6%e8%bd%ae%e6%af%82%e6%bc%86%e4%b8%80%e6%b0%b4%e6%80%a7%e4%ba%ae%e9%bb%91%e8%bd%ae%e6%af%82%e7%83%a4%e6%bc%86","status":"publish","type":"page","link":"https:\/\/xin.nxjiasheng.com\/vi\/%e6%b1%bd%e8%bd%a6%e8%bd%ae%e6%af%82%e6%bc%86%e4%b8%80%e6%b0%b4%e6%80%a7%e4%ba%ae%e9%bb%91%e8%bd%ae%e6%af%82%e7%83%a4%e6%bc%86.html","title":{"rendered":"S\u01a1n b\u00e1nh xe \u00f4 t\u00f4 - s\u01a1n b\u00e1nh xe g\u1ed1c n\u01b0\u1edbc m\u00e0u \u0111en s\u00e1ng"},"content":{"rendered":"<figure class=\"wp-block-image size-full\"><img loading=\"lazy\" decoding=\"async\" width=\"562\" height=\"604\" src=\"\/wp-content\/uploads\/2023\/11\/\u6c7d\u8f66\u8f6e\u6bc2\u6f06\u4e00\u6c34\u6027\u4eae\u9ed1\u8f6e\u6bc2\u70e4\u6f06.png\" alt=\"\" class=\"wp-image-26078\" srcset=\"https:\/\/xin.nxjiasheng.com\/wp-content\/uploads\/2023\/11\/\u6c7d\u8f66\u8f6e\u6bc2\u6f06\u4e00\u6c34\u6027\u4eae\u9ed1\u8f6e\u6bc2\u70e4\u6f06.png 562w, https:\/\/xin.nxjiasheng.com\/wp-content\/uploads\/2023\/11\/\u6c7d\u8f66\u8f6e\u6bc2\u6f06\u4e00\u6c34\u6027\u4eae\u9ed1\u8f6e\u6bc2\u70e4\u6f06-279x300.png 279w\" sizes=\"auto, (max-width: 562px) 100vw, 562px\" \/><\/figure>","protected":false},"excerpt":{"rendered":"","protected":false},"author":1,"featured_media":0,"parent":0,"menu_order":0,"comment_status":"closed","ping_status":"closed","template":"","meta":{"footnotes":""},"class_list":["post-26077","page","type-page","status-publish","hentry"],"_links":{"self":[{"href":"https:\/\/xin.nxjiasheng.com\/vi\/wp-json\/wp\/v2\/pages\/26077","targetHints":{"allow":["GET"]}}],"collection":[{"href":"https:\/\/xin.nxjiasheng.com\/vi\/wp-json\/wp\/v2\/pages"}],"about":[{"href":"https:\/\/xin.nxjiasheng.com\/vi\/wp-json\/wp\/v2\/types\/page"}],"author":[{"embeddable":true,"href":"https:\/\/xin.nxjiasheng.com\/vi\/wp-json\/wp\/v2\/users\/1"}],"replies":[{"embeddable":true,"href":"https:\/\/xin.nxjiasheng.com\/vi\/wp-json\/wp\/v2\/comments?post=26077"}],"version-history":[{"count":1,"href":"https:\/\/xin.nxjiasheng.com\/vi\/wp-json\/wp\/v2\/pages\/26077\/revisions"}],"predecessor-version":[{"id":26079,"href":"https:\/\/xin.nxjiasheng.com\/vi\/wp-json\/wp\/v2\/pages\/26077\/revisions\/26079"}],"wp:attachment":[{"href":"https:\/\/xin.nxjiasheng.com\/vi\/wp-json\/wp\/v2\/media?parent=26077"}],"curies":[{"name":"wp","href":"https:\/\/api.w.org\/{rel}","templated":true}]}}